{"id":23,"date":"2020-11-27T11:22:54","date_gmt":"2020-11-27T11:22:54","guid":{"rendered":"https:\/\/www.sairgida.com.tr\/?page_id=23"},"modified":"2020-11-27T12:20:37","modified_gmt":"2020-11-27T12:20:37","slug":"contact","status":"publish","type":"page","link":"https:\/\/sairgida.com.tr\/index.php\/contact\/","title":{"rendered":"Contact"},"content":{"rendered":"<section class=\"section  text-normal section-text-no-shadow section-inner-no-shadow section-normal section-opaque\"  >\n    \n    <div class=\"background-overlay grid-overlay-0 \" style=\"background-color: rgba(0,0,0,0);\"><\/div>\n\n    <div class=\"container-fullwidth container-vertical-middle\">\n        <div class=\"row vertical-middle\">\n            <div class=\"col-md-6    padding text-default small-screen-default\"  ><div class=\"col-text-1 text-normal  element-top-20 element-bottom-20\" data-os-animation=\"none\" data-os-animation-delay=\"0s\">\n    <div class=\"map-responsive\"><iframe loading=\"lazy\" style=\"border: 0;\" tabindex=\"0\" src=\"https:\/\/www.google.com\/maps\/embed?pb=!1m18!1m12!1m3!1d3125.766792264033!2d27.137806951177083!3d38.423753979546625!2m3!1f0!2f0!3f0!3m2!1i1024!2i768!4f13.1!3m3!1m2!1s0x0%3A0x0!2zMzjCsDI1JzI1LjUiTiAyN8KwMDgnMjQuMCJF!5e0!3m2!1str!2str!4v1599050752510!5m2!1str!2str\" width=\"600\" height=\"450\" frameborder=\"0\" allowfullscreen=\"allowfullscreen\" aria-hidden=\"false\"><\/iframe><\/div>\n<\/div>\n<\/div><div class=\"col-md-6     text-default small-screen-default\"  ><div class=\"col-text-1 text-normal  element-top-20 element-bottom-20\" data-os-animation=\"none\" data-os-animation-delay=\"0s\">\n    <p>Adres:Gazi Bulvar\u0131 No:114 K:8 D:8 \u00c7ankaya \u0130zmir\/T\u00fcrkiye<\/p>\n<p>Tel: +90(232) 425-2511 +90(232) 425-9579<\/p>\n<p>Mail: <a href=\"mail:info@sairfood.com\">info@sairfood.com<\/a><\/p>\n<\/div>\n<\/div>        <\/div>\n    <\/div>\n<\/section>\n<section class=\"section extras text-normal section-text-no-shadow section-inner-no-shadow section-normal section-opaque\"  >\n    \n    <div class=\"background-overlay grid-overlay-0 \" style=\"background-color: rgba(0,163,70,1);\"><\/div>\n\n    <div class=\"container-fullwidth container-vertical-top\">\n        <div class=\"row vertical-top\">\n            <div class=\"col-md-3     text-center small-screen-default os-animation col-border-right\" data-os-animation=\"fadeInDown\" data-os-animation-delay=\"0.2s\" ><div class=\"box box-round box-medium  element-top-20 element-bottom-20\" data-os-animation=\"none\" data-os-animation-delay=\"0s\">\n    <div class=\"box-dummy\"><\/div>\n            <div class=\"box-inner grid-overlay-0\">\n        <div class=\"box-animate\" data-animation=\"bounce\">\n        <i class=\"fa fa-home\" style=\"color:#ffffff;\"><\/i>\n    <\/div>\n            <\/div>\n    <\/div><p class=\"lead text-default default  text-normal element-top-20 element-bottom-20\" data-os-animation=\"none\" data-os-animation-delay=\"0s\">Sair Food &#8211; \u0130zmir<\/p><\/div><div class=\"col-md-3     text-center small-screen-default os-animation col-border-right\" data-os-animation=\"fadeInDown\" data-os-animation-delay=\"0.4s\" ><div class=\"box box-round box-medium  element-top-20 element-bottom-20\" data-os-animation=\"none\" data-os-animation-delay=\"0s\">\n    <div class=\"box-dummy\"><\/div>\n            <a class=\"box-inner  grid-overlay-0\" href=\"mailto:info@nan.com.tr\" target=\"_blank\" >\n        <div class=\"box-animate\" data-animation=\"bounce\">\n        <i class=\"fa fa-envelope\" style=\"color:#ffffff;\"><\/i>\n    <\/div>\n            <\/a>\n    <\/div><p class=\"lead text-default default  text-normal element-top-20 element-bottom-20\" data-os-animation=\"none\" data-os-animation-delay=\"0s\">Mail adresimiz info@sairfood.com<\/p><\/div><div class=\"col-md-3     text-center small-screen-default os-animation col-border-right\" data-os-animation=\"fadeInDown\" data-os-animation-delay=\"0.6s\" ><div class=\"box box-round box-medium  element-top-20 element-bottom-20\" data-os-animation=\"none\" data-os-animation-delay=\"0s\">\n    <div class=\"box-dummy\"><\/div>\n            <a class=\"box-inner  grid-overlay-0\" href=\"https:\/\/www.linkedin.com\/in\/nevda-gonuldas-0b4566172\/\" target=\"_blank\" >\n        <div class=\"box-animate\" data-animation=\"bounce\">\n        <i class=\"fa fa-linkedin\" style=\"color:#ffffff;\"><\/i>\n    <\/div>\n            <\/a>\n    <\/div><p class=\"lead text-default default  text-normal element-top-20 element-bottom-20\" data-os-animation=\"none\" data-os-animation-delay=\"0s\">Sosyal medya hesaplar\u0131m\u0131zdan takip edin<\/p><\/div><div class=\"col-md-3     text-center small-screen-default os-animation\" data-os-animation=\"fadeInDown\" data-os-animation-delay=\"0.8s\" ><div class=\"box box-round box-medium  element-top-20 element-bottom-20\" data-os-animation=\"none\" data-os-animation-delay=\"0s\">\n    <div class=\"box-dummy\"><\/div>\n            <a class=\"box-inner  grid-overlay-0\" href=\"https:\/\/www.instagram.com\/bfoodbal\/\" target=\"_blank\" >\n        <div class=\"box-animate\" data-animation=\"bounce\">\n        <i class=\"fa fa-instagram\" style=\"color:#ffffff;\"><\/i>\n    <\/div>\n            <\/a>\n    <\/div><p class=\"lead text-center center  text-normal element-top-20 element-bottom-20\" data-os-animation=\"none\" data-os-animation-delay=\"0s\">\u0130nstagramdan son payla\u015f\u0131mlar\u0131m\u0131z\u0131 takip edebilirsiniz.<\/p><\/div>        <\/div>\n    <\/div>\n<\/section>\n","protected":false},"excerpt":{"rendered":"Adres:Gazi Bulvar\u0131 No:114 K:8 D:8 \u00c7ankaya \u0130zmir\/T\u00fcrkiye Tel: +90(232) 425-2511 +90(232) 425-9579 Mail: info@sairfood.com Sair Food - \u0130zmir Mail adresimiz info@sairfood.com Sosyal medya hesaplar\u0131m\u0131zdan takip edin \u0130nstagramdan son payla\u015f\u0131mlar\u0131m\u0131z\u0131 takip edebilirsiniz.","protected":false},"author":1,"featured_media":0,"parent":0,"menu_order":0,"comment_status":"closed","ping_status":"closed","template":"","meta":[],"_links":{"self":[{"href":"https:\/\/sairgida.com.tr\/index.php\/wp-json\/wp\/v2\/pages\/23"}],"collection":[{"href":"https:\/\/sairgida.com.tr\/index.php\/wp-json\/wp\/v2\/pages"}],"about":[{"href":"https:\/\/sairgida.com.tr\/index.php\/wp-json\/wp\/v2\/types\/page"}],"author":[{"embeddable":true,"href":"https:\/\/sairgida.com.tr\/index.php\/wp-json\/wp\/v2\/users\/1"}],"replies":[{"embeddable":true,"href":"https:\/\/sairgida.com.tr\/index.php\/wp-json\/wp\/v2\/comments?post=23"}],"version-history":[{"count":3,"href":"https:\/\/sairgida.com.tr\/index.php\/wp-json\/wp\/v2\/pages\/23\/revisions"}],"predecessor-version":[{"id":67,"href":"https:\/\/sairgida.com.tr\/index.php\/wp-json\/wp\/v2\/pages\/23\/revisions\/67"}],"wp:attachment":[{"href":"https:\/\/sairgida.com.tr\/index.php\/wp-json\/wp\/v2\/media?parent=23"}],"curies":[{"name":"wp","href":"https:\/\/api.w.org\/{rel}","templated":true}]}}